{"id":68,"date":"2017-02-23T22:31:13","date_gmt":"2017-02-23T22:31:13","guid":{"rendered":"http:\/?page_id=68"},"modified":"2019-06-09T09:44:06","modified_gmt":"2019-06-09T09:44:06","slug":"o-mnie","status":"publish","type":"page","link":"https:\/\/mariuszstanosz.pl\/?page_id=68","title":{"rendered":"O MNIE"},"content":{"rendered":"<p>[et_pb_section fb_built=&#8221;1&#8243; disabled_on=&#8221;off|off|off&#8221; _builder_version=&#8221;3.0.74&#8243; background_color=&#8221;#000000&#8243; custom_padding=&#8221;54px|0px|292px|0px&#8221;][et_pb_row make_fullwidth=&#8221;on&#8221; _builder_version=&#8221;3.0.47&#8243; background_size=&#8221;initial&#8221; background_position=&#8221;top_left&#8221; background_repeat=&#8221;repeat&#8221;][et_pb_column type=&#8221;1_2&#8243; _builder_version=&#8221;3.0.47&#8243; parallax=&#8221;off&#8221; parallax_method=&#8221;on&#8221;][et_pb_cta _builder_version=&#8221;3.7.1&#8243; use_background_color=&#8221;off&#8221; background_size=&#8221;initial&#8221; background_position=&#8221;top_left&#8221; background_repeat=&#8221;repeat&#8221;]<\/p>\n<p><img loading=\"lazy\" decoding=\"async\" src=\"https:\/\/mariuszstanosz.pl\/wp-content\/uploads\/MG_2381-bw.jpg\" width=\"900\" height=\"600\" alt=\"\" class=\"wp-image-545 alignnone size-full\" srcset=\"https:\/\/mariuszstanosz.pl\/wp-content\/uploads\/MG_2381-bw.jpg 900w, https:\/\/mariuszstanosz.pl\/wp-content\/uploads\/MG_2381-bw-768x512.jpg 768w\" sizes=\"(max-width: 900px) 100vw, 900px\" \/><\/p>\n<p>[\/et_pb_cta][\/et_pb_column][et_pb_column type=&#8221;1_2&#8243; _builder_version=&#8221;3.0.47&#8243; parallax=&#8221;off&#8221; parallax_method=&#8221;on&#8221;][et_pb_cta _builder_version=&#8221;3.0.47&#8243; header_font_size=&#8221;29px&#8221; body_font=&#8221;||||&#8221; body_text_color=&#8221;#ffffff&#8221; body_font_size=&#8221;19px&#8221; body_font_size_phone=&#8221;13px&#8221; body_font_size_last_edited=&#8221;on|phone&#8221; body_letter_spacing=&#8221;4px&#8221; body_line_height=&#8221;2.2em&#8221; use_background_color=&#8221;off&#8221; background_size=&#8221;initial&#8221; background_position=&#8221;top_left&#8221; background_repeat=&#8221;repeat&#8221;]<\/p>\n<p style=\"text-align: left;\">Mariusz Stanosz &#8211; pasjonat fotografii, mi\u0142o\u015bnik g\u00f3rskich w\u0119dr\u00f3wek oraz podr\u00f3\u017cy dalekich i tych bliskich. Fotografi\u0105 zainteresowa\u0142 si\u0119 prawie pi\u0119\u0107 lat temu. Nysanin, aktualnie mieszka w Krakowie.<\/p>\n<p style=\"text-align: left;\" class=\"et-fb-mce-line-break-holder\">\n<p style=\"text-align: left;\" class=\"\">Wyr\u00f3\u017cnienia:<\/p>\n<ul>\n<li style=\"text-align: left;\">Finalista konkursu Sony World Photography Awards 2017 w kategorii &#8220;Ruch&#8221; za zdj\u0119cie pt. <span style=\"text-decoration: underline;\"><a href=\"https:\/\/www.worldphoto.org\/sony-world-photography-awards\/winners-galleries\/2017\/open\/shortlisted\/motion\/motion\" target=\"_blank\" rel=\"noopener noreferrer\">Lec\u0105ca chmara<\/a><\/span>.<\/li>\n<\/ul>\n<p style=\"text-align: left;\" class=\"et-fb-mce-line-break-holder\">\n<p style=\"text-align: left;\" class=\"et-fb-mce-line-break-holder\">\n<p>[\/et_pb_cta][\/et_pb_column][\/et_pb_row][\/et_pb_section]<\/p>\n","protected":false},"excerpt":{"rendered":"<p>Mariusz Stanosz &#8211; pasjonat fotografii, mi\u0142o\u015bnik g\u00f3rskich w\u0119dr\u00f3wek oraz podr\u00f3\u017cy dalekich i tych bliskich. Fotografi\u0105 zainteresowa\u0142 si\u0119 prawie pi\u0119\u0107 lat temu. Nysanin, aktualnie mieszka w Krakowie. Wyr\u00f3\u017cnienia: Finalista konkursu Sony World Photography Awards 2017 w kategorii &#8220;Ruch&#8221; za zdj\u0119cie pt. Lec\u0105ca chmara.<\/p>\n","protected":false},"author":1,"featured_media":0,"parent":0,"menu_order":0,"comment_status":"closed","ping_status":"closed","template":"","meta":{"_et_pb_use_builder":"on","_et_pb_old_content":"","_et_gb_content_width":"","footnotes":""},"_links":{"self":[{"href":"https:\/\/mariuszstanosz.pl\/index.php?rest_route=\/wp\/v2\/pages\/68"}],"collection":[{"href":"https:\/\/mariuszstanosz.pl\/index.php?rest_route=\/wp\/v2\/pages"}],"about":[{"href":"https:\/\/mariuszstanosz.pl\/index.php?rest_route=\/wp\/v2\/types\/page"}],"author":[{"embeddable":true,"href":"https:\/\/mariuszstanosz.pl\/index.php?rest_route=\/wp\/v2\/users\/1"}],"replies":[{"embeddable":true,"href":"https:\/\/mariuszstanosz.pl\/index.php?rest_route=%2Fwp%2Fv2%2Fcomments&post=68"}],"version-history":[{"count":2,"href":"https:\/\/mariuszstanosz.pl\/index.php?rest_route=\/wp\/v2\/pages\/68\/revisions"}],"predecessor-version":[{"id":1863,"href":"https:\/\/mariuszstanosz.pl\/index.php?rest_route=\/wp\/v2\/pages\/68\/revisions\/1863"}],"wp:attachment":[{"href":"https:\/\/mariuszstanosz.pl\/index.php?rest_route=%2Fwp%2Fv2%2Fmedia&parent=68"}],"curies":[{"name":"wp","href":"https:\/\/api.w.org\/{rel}","templated":true}]}}